{"id":90,"date":"2022-05-04T20:32:36","date_gmt":"2022-05-04T20:32:36","guid":{"rendered":"https:\/\/ghneuilly.fr\/?page_id=90"},"modified":"2026-05-01T15:09:30","modified_gmt":"2026-05-01T15:09:30","slug":"accueil","status":"publish","type":"page","link":"https:\/\/ghneuilly.fr\/","title":{"rendered":"Accueil"},"content":{"rendered":"\n<p>Le glory hole est actuellement r\u00e9serv\u00e9 aux habitu\u00e9s, sur la base de l&#8217;email.<\/p>\n\n\n\n<p><strong>Ferm\u00e9 aujourd&rsquo;hui 1er mai.<\/strong><\/p>\n\n\n\n<p>\u26a0\ufe0f Calendrier vide avant 16h30 &#8211; 17h55 et apr\u00e8s 19h00 &#8211; 20h00. Si rien ne s&rsquo;affiche apr\u00e8s 17h55, le glory est ferm\u00e9.<\/p>\n\n\n\n<p><p>Well Cum!   <\/p><p>\r\n<\/p>\r\n<a href=\"https:\/\/twitter.com\/GHNeuilly?ref_src=twsrc%5Etfw\" class=\"twitter-follow-button\" data-lang=\"fr\" data-dnt=\"true\" data-show-count=\"false\">Follow @GHNeuilly<\/a><script async=\"\" src=\"https:\/\/platform.twitter.com\/widgets.js\" charset=\"utf-8\"><\/script><\/p>\n\n\n\n<p>Expertise en gorge profonde.<\/p>\n\n\n\n<p class=\"has-x-large-font-size\">J&rsquo;avale le Sperme<\/p>\n\n\n\n<div class=\"wp-block-group is-vertical is-layout-flex wp-container-core-group-is-layout-8cf370e7 wp-block-group-is-layout-flex\">\n<p>Mes deux trous, t\u2019inqui\u00e8te, ils encaissent large et \u00e0 sec, m\u00eame  les gros calibres et les longues !<\/p>\n<\/div>\n\n\n\n<p>Si t&rsquo;as besoin de pisser, je prends la pisse en fond de gorge.<\/p>\n\n\n\n<div class=\"wp-block-group is-vertical is-layout-flex wp-container-core-group-is-layout-8cf370e7 wp-block-group-is-layout-flex\">\n<p><\/p>\n\n\n\n<p><\/p>\n\n\n\n<p>\ud83d\udcdd <strong><a href=\"https:\/\/calendly.com\/ghneuilly\/\" title=\"\"><strong>R\u00e9serve ton cr\u00e9neau ici .<\/strong> <\/a><\/strong><\/p>\n\n\n\n<figure class=\"wp-block-gallery has-nested-images columns-default is-cropped wp-block-gallery-1 is-layout-flex wp-block-gallery-is-layout-flex\"><\/figure>\n\n\n\n<p><\/p>\n\n\n\n<p><\/p>\n<\/div>\n\n\n\n<h4 class=\"wp-block-heading has-text-align-center has-medium-font-size\"><strong>Ejac<\/strong> <\/h4>\n\n\n\n<p class=\"has-text-align-center has-medium-font-size\"><br><strong>dans le cul<\/strong><\/p>\n\n\n\n<p class=\"has-text-align-center\"><\/p>\n\n\n\n<p class=\"has-text-align-center has-medium-font-size\"><strong>Sans capote<\/strong><\/p>\n\n\n\n<p class=\"has-text-align-center has-x-large-font-size\"><\/p>\n\n\n<div class=\"wp-block-image\">\n<figure class=\"aligncenter size-full\"><img loading=\"lazy\" decoding=\"async\" width=\"158\" height=\"170\" src=\"https:\/\/ghneuilly.fr\/wp-content\/uploads\/2024\/06\/537621918.jpg\" alt=\"\" class=\"wp-image-1495\"\/><\/figure>\n<\/div>\n\n\n<p class=\"has-text-align-center\"><em><a href=\"https:\/\/calendly.com\/ghneuilly\/\" target=\"_blank\" rel=\"noopener\" title=\"Calendrier pour IPhones\">IPhone? <\/a><\/em><\/p>\n\n\n\n<p class=\"has-text-align-center\"><a href=\"https:\/\/calendly.com\/ghneuilly\/\" target=\"_blank\" rel=\"noopener ugc\" title=\"\"><img loading=\"lazy\" decoding=\"async\" width=\"50\" height=\"58\" class=\"wp-image-1912\" style=\"width: 50px;\" src=\"https:\/\/ghneuilly.fr\/wp-content\/uploads\/2024\/12\/Apple-logo-black-and-white-1083171222222222222222222222.png\" alt=\"\" srcset=\"https:\/\/ghneuilly.fr\/wp-content\/uploads\/2024\/12\/Apple-logo-black-and-white-1083171222222222222222222222.png 1518w, https:\/\/ghneuilly.fr\/wp-content\/uploads\/2024\/12\/Apple-logo-black-and-white-1083171222222222222222222222-257x300.png 257w, https:\/\/ghneuilly.fr\/wp-content\/uploads\/2024\/12\/Apple-logo-black-and-white-1083171222222222222222222222-878x1024.png 878w, https:\/\/ghneuilly.fr\/wp-content\/uploads\/2024\/12\/Apple-logo-black-and-white-1083171222222222222222222222-768x895.png 768w, https:\/\/ghneuilly.fr\/wp-content\/uploads\/2024\/12\/Apple-logo-black-and-white-1083171222222222222222222222-1317x1536.png 1317w\" sizes=\"auto, (max-width: 50px) 100vw, 50px\" \/><\/a><\/p>\n\n\n\n<p class=\"has-text-align-center\"><em><a href=\"https:\/\/calendly.com\/ghneuilly\/\" title=\"\">R\u00e9servez ici<\/a><\/em><\/p>\n\n\n\n<div class=\"wp-block-buttons has-custom-font-size has-large-font-size is-layout-flex wp-block-buttons-is-layout-flex\"><\/div>\n\n\n\n<p class=\"has-large-font-size\"><\/p>\n\n\n\n<p><\/p>\n\n\n\n<p><\/p>\n\n\n\n<p><iframe loading=\"lazy\" src=\"https:\/\/calendly.com\/ghneuilly\/vidange-glory\" width=\"100%\" height=\"3000px\"><br \/><\/iframe><\/p>\n\n\n\n<p><\/p>\n\n\n\n<p class=\"has-large-font-size\"><\/p>\n\n\n\n<div class=\"wp-block-group\"><div class=\"wp-block-group__inner-container is-layout-constrained wp-block-group-is-layout-constrained\"><\/div><\/div>\n\n\n\n<p><\/p>\n","protected":false},"excerpt":{"rendered":"<p>Le glory hole est actuellement r\u00e9serv\u00e9 aux habitu\u00e9s, sur la base de l&#8217;email. Ferm\u00e9 aujourd&rsquo;hui 1er mai. \u26a0\ufe0f Calendrier vide avant 16h30 &#8211; 17h55 et apr\u00e8s 19h00 &#8211; 20h00. Si rien ne s&rsquo;affiche apr\u00e8s 17h55, le glory est ferm\u00e9. Well Cum! Follow @GHNeuilly Expertise en gorge profonde. J&rsquo;avale le Sperme Mes deux trous, t\u2019inqui\u00e8te, ils &hellip; <\/p>\n<p class=\"link-more\"><a href=\"https:\/\/ghneuilly.fr\/\" class=\"more-link\">Continuer la lecture<span class=\"screen-reader-text\"> de &laquo;&nbsp;Accueil&nbsp;&raquo;<\/span><\/a><\/p>\n","protected":false},"author":1,"featured_media":0,"parent":0,"menu_order":0,"comment_status":"closed","ping_status":"closed","template":"","meta":{"om_disable_all_campaigns":false,"_monsterinsights_skip_tracking":false,"_monsterinsights_sitenote_active":false,"_monsterinsights_sitenote_note":"","_monsterinsights_sitenote_category":0,"footnotes":"[]"},"class_list":["post-90","page","type-page","status-publish","hentry"],"aioseo_notices":[],"_links":{"self":[{"href":"https:\/\/ghneuilly.fr\/index.php?rest_route=\/wp\/v2\/pages\/90","targetHints":{"allow":["GET"]}}],"collection":[{"href":"https:\/\/ghneuilly.fr\/index.php?rest_route=\/wp\/v2\/pages"}],"about":[{"href":"https:\/\/ghneuilly.fr\/index.php?rest_route=\/wp\/v2\/types\/page"}],"author":[{"embeddable":true,"href":"https:\/\/ghneuilly.fr\/index.php?rest_route=\/wp\/v2\/users\/1"}],"replies":[{"embeddable":true,"href":"https:\/\/ghneuilly.fr\/index.php?rest_route=%2Fwp%2Fv2%2Fcomments&post=90"}],"version-history":[{"count":1139,"href":"https:\/\/ghneuilly.fr\/index.php?rest_route=\/wp\/v2\/pages\/90\/revisions"}],"predecessor-version":[{"id":3334,"href":"https:\/\/ghneuilly.fr\/index.php?rest_route=\/wp\/v2\/pages\/90\/revisions\/3334"}],"wp:attachment":[{"href":"https:\/\/ghneuilly.fr\/index.php?rest_route=%2Fwp%2Fv2%2Fmedia&parent=90"}],"curies":[{"name":"wp","href":"https:\/\/api.w.org\/{rel}","templated":true}]}}