{"id":108,"date":"2022-05-27T14:10:37","date_gmt":"2022-05-27T14:10:37","guid":{"rendered":"https:\/\/ghneuilly.fr\/?page_id=108"},"modified":"2025-04-14T18:49:23","modified_gmt":"2025-04-14T18:49:23","slug":"videos","status":"publish","type":"page","link":"https:\/\/ghneuilly.fr\/?page_id=108","title":{"rendered":"Vid\u00e9os"},"content":{"rendered":"\n<figure class=\"wp-block-image is-resized\"><img decoding=\"async\" src=\"http:\/\/www.gloryholeplazacastilla.com\/wp-content\/uploads\/2018\/01\/IMG-20180118-WA0006-150x150.jpg\" alt=\"\" class=\"wp-image-991\" width=\"525\"\/><\/figure>\n\n\n\n<figure class=\"wp-block-image is-resized\"><img decoding=\"async\" src=\"http:\/\/www.gloryholeplazacastilla.com\/wp-content\/uploads\/2022\/05\/Culoabierto2022-300x225.jpg\" alt=\"\" class=\"wp-image-1884\" width=\"525\"\/><\/figure>\n\n\n\n<figure class=\"wp-block-image is-resized\"><img decoding=\"async\" src=\"http:\/\/www.gloryholeplazacastilla.com\/wp-content\/uploads\/2022\/05\/glorypipelive-300x151.jpg\" alt=\"\" class=\"wp-image-1885\" width=\"525\"\/><\/figure>\n\n\n\n<figure class=\"wp-block-gallery has-nested-images columns-default is-cropped wp-block-gallery-1 is-layout-flex wp-block-gallery-is-layout-flex\"><\/figure>\n\n\n\n<figure class=\"wp-block-image is-resized\"><img decoding=\"async\" src=\"https:\/\/ghneuilly.fr\/wp-content\/uploads\/2023\/03\/jupe-rose.jpg\" alt=\"\" class=\"wp-image-1885\" width=\"525\"><\/figure>\n\n\n\n<figure class=\"wp-block-gallery has-nested-images columns-default is-cropped wp-block-gallery-2 is-layout-flex wp-block-gallery-is-layout-flex\"><\/figure>\n\n\n\n<p>Voici mes vid\u00e9os.<\/p>\n\n\n\n<p>En cas de difficult\u00e9s \u00e0 les voir clique <a href=\"https:\/\/photos.app.goo.gl\/2sHskNM8XqTXNB9u8\" target=\"_blank\" rel=\"noopener\" title=\"\">ici<\/a>.<\/p>\n\n\n\n<figure class=\"wp-block-video\"><video height=\"1080\" style=\"aspect-ratio: 1920 \/ 1080;\" width=\"1920\" controls src=\"https:\/\/ghneuilly.fr\/wp-content\/uploads\/2024\/11\/IMG_9075.mov\"><\/video><\/figure>\n\n\n\n<figure class=\"wp-block-video\"><video height=\"320\" style=\"aspect-ratio: 568 \/ 320;\" width=\"568\" controls src=\"https:\/\/ghneuilly.fr\/wp-content\/uploads\/2023\/12\/Snapchat-1796694791.mp4\"><\/video><\/figure>\n\n\n\n<figure class=\"wp-block-video\"><video height=\"320\" style=\"aspect-ratio: 568 \/ 320;\" width=\"568\" controls src=\"https:\/\/ghneuilly.fr\/wp-content\/uploads\/2023\/10\/Snapchat-1894379326.mp4\"><\/video><\/figure>\n\n\n\n<figure class=\"wp-block-video\"><video height=\"320\" style=\"aspect-ratio: 568 \/ 320;\" width=\"568\" controls src=\"https:\/\/ghneuilly.fr\/wp-content\/uploads\/2023\/10\/Snapchat-1030883558.mp4\"><\/video><\/figure>\n\n\n\n<figure class=\"wp-block-video\"><video height=\"320\" style=\"aspect-ratio: 568 \/ 320;\" width=\"568\" controls src=\"https:\/\/ghneuilly.fr\/wp-content\/uploads\/2023\/10\/Snapchat-782672509.mp4\"><\/video><\/figure>\n\n\n\n<figure class=\"wp-block-video\"><video height=\"480\" style=\"aspect-ratio: 848 \/ 480;\" width=\"848\" controls src=\"https:\/\/ghneuilly.fr\/wp-content\/uploads\/2023\/08\/Video-de-Glory-Hole-Neuilly-5.avi\"><\/video><\/figure>\n\n\n\n<figure class=\"wp-block-video\"><video height=\"960\" style=\"aspect-ratio: 540 \/ 960;\" width=\"540\" controls src=\"https:\/\/ghneuilly.fr\/wp-content\/uploads\/2023\/07\/Snapchat-46023358.mp4\"><\/video><\/figure>\n\n\n\n<figure class=\"wp-block-video\"><video height=\"144\" style=\"aspect-ratio: 192 \/ 144;\" width=\"192\" controls src=\"https:\/\/ghneuilly.fr\/wp-content\/uploads\/2023\/04\/Snapchat-1331865538.mp4\"><\/video><\/figure>\n\n\n\n<figure class=\"wp-block-video\"><video height=\"144\" style=\"aspect-ratio: 192 \/ 144;\" width=\"192\" controls src=\"https:\/\/ghneuilly.fr\/wp-content\/uploads\/2023\/04\/Snapchat-1389424685-3.mp4\"><\/video><\/figure>\n\n\n\n<figure class=\"wp-block-video\"><video height=\"144\" style=\"aspect-ratio: 192 \/ 144;\" width=\"192\" controls src=\"https:\/\/ghneuilly.fr\/wp-content\/uploads\/2023\/02\/sdfghjk-1.mp4\"><\/video><\/figure>\n\n\n\n<figure class=\"wp-block-video\"><video controls src=\"https:\/\/ghneuilly.fr\/wp-content\/uploads\/2022\/12\/Snapchat-1975592417-3.mp4\"><\/video><\/figure>\n\n\n\n<figure class=\"wp-block-video\"><video controls src=\"https:\/\/ghneuilly.fr\/wp-content\/uploads\/2022\/12\/Snapchat-1945540887-2.mp4\"><\/video><\/figure>\n\n\n\n<figure class=\"wp-block-video alignleft\"><video controls src=\"http:\/\/www.gloryholeplazacastilla.com\/wp-content\/uploads\/2017\/11\/tuamo_114166_360p.mp4\"><\/video><\/figure>\n\n\n\n<figure class=\"wp-block-video alignleft\"><video controls src=\"http:\/\/www.gloryholeplazacastilla.com\/wp-content\/uploads\/2021\/12\/tuamo_114826_360p-1.mp4\"><\/video><\/figure>\n\n\n\n<figure class=\"wp-block-video alignleft\"><video controls src=\"http:\/\/www.gloryholeplazacastilla.com\/wp-content\/uploads\/2017\/11\/tuamo_127495_360p.mp4\"><\/video><\/figure>\n\n\n<div style=\"width: 525px;\" class=\"wp-video\"><video class=\"wp-video-shortcode\" id=\"video-108-1\" width=\"525\" height=\"295\" preload=\"metadata\" controls=\"controls\"><source type=\"video\/mp4\" src=\"http:\/\/www.gloryholeplazacastilla.com\/wp-content\/uploads\/2017\/11\/Video%20de%20Regalo%20Donuts!%20PideMelo.mp4?_=1\" \/><a href=\"http:\/\/www.gloryholeplazacastilla.com\/wp-content\/uploads\/2017\/11\/Video%20de%20Regalo%20Donuts!%20PideMelo.mp4\">http:\/\/www.gloryholeplazacastilla.com\/wp-content\/uploads\/2017\/11\/Video%20de%20Regalo%20Donuts!%20PideMelo.mp4<\/a><\/video><\/div>\n\n\n\n<figure class=\"wp-block-video alignleft\"><video controls src=\"http:\/\/www.gloryholeplazacastilla.com\/wp-content\/uploads\/2019\/03\/Video-from-Fran-L.mp4\"><\/video><\/figure>\n\n\n\n<iframe loading=\"lazy\" width=\"1166\" height=\"656\" src=\"https:\/\/www.youtube.com\/embed\/cAoK7dRgulI\" title=\"Le Chanteur Masqu\u00e9 - INTERDIT A LA TV - Clip Exclusif - Patrick S\u00e9bastien\" frameborder=\"0\" allow=\"accelerometer; autoplay; clipboard-write; encrypted-media; gyroscope; picture-in-picture; web-share\" referrerpolicy=\"strict-origin-when-cross-origin\" allowfullscreen><\/iframe>\n\n\n","protected":false},"excerpt":{"rendered":"<p>Voici mes vid\u00e9os. En cas de difficult\u00e9s \u00e0 les voir clique ici.<\/p>\n","protected":false},"author":1,"featured_media":0,"parent":0,"menu_order":0,"comment_status":"open","ping_status":"closed","template":"","meta":{"om_disable_all_campaigns":false,"_monsterinsights_skip_tracking":false,"_monsterinsights_sitenote_active":false,"_monsterinsights_sitenote_note":"","_monsterinsights_sitenote_category":0,"footnotes":""},"class_list":["post-108","page","type-page","status-publish","hentry"],"aioseo_notices":[],"_links":{"self":[{"href":"https:\/\/ghneuilly.fr\/index.php?rest_route=\/wp\/v2\/pages\/108","targetHints":{"allow":["GET"]}}],"collection":[{"href":"https:\/\/ghneuilly.fr\/index.php?rest_route=\/wp\/v2\/pages"}],"about":[{"href":"https:\/\/ghneuilly.fr\/index.php?rest_route=\/wp\/v2\/types\/page"}],"author":[{"embeddable":true,"href":"https:\/\/ghneuilly.fr\/index.php?rest_route=\/wp\/v2\/users\/1"}],"replies":[{"embeddable":true,"href":"https:\/\/ghneuilly.fr\/index.php?rest_route=%2Fwp%2Fv2%2Fcomments&post=108"}],"version-history":[{"count":97,"href":"https:\/\/ghneuilly.fr\/index.php?rest_route=\/wp\/v2\/pages\/108\/revisions"}],"predecessor-version":[{"id":2644,"href":"https:\/\/ghneuilly.fr\/index.php?rest_route=\/wp\/v2\/pages\/108\/revisions\/2644"}],"wp:attachment":[{"href":"https:\/\/ghneuilly.fr\/index.php?rest_route=%2Fwp%2Fv2%2Fmedia&parent=108"}],"curies":[{"name":"wp","href":"https:\/\/api.w.org\/{rel}","templated":true}]}}